{"id":848,"date":"2019-07-10T08:33:35","date_gmt":"2019-07-10T05:33:35","guid":{"rendered":"http:\/\/www.worldpullup.org\/?page_id=848"},"modified":"2025-06-09T07:13:06","modified_gmt":"2025-06-09T04:13:06","slug":"world-records-in-the-pull-up-repetitions","status":"publish","type":"page","link":"https:\/\/worldpullup.org\/wp\/world-records-in-the-pull-up-repetitions\/","title":{"rendered":"World Records in the Pull-Up Repetitions"},"content":{"rendered":"\n<figure class=\"wp-block-table is-style-stripes\"><table><tbody><tr><td><strong>Weight Class<\/strong><\/td><td class=\"has-text-align-center\" data-align=\"center\"><strong>Result<\/strong><\/td><td><strong>Name<\/strong><\/td><td><strong>Country<\/strong><\/td><td class=\"has-text-align-center\" data-align=\"center\"><strong>Bodyweight<\/strong><\/td><td><strong>Date<\/strong><\/td><\/tr><tr><td>Men&#8217;s<br>60 kg<\/td><td class=\"has-text-align-center\" data-align=\"center\">59<\/td><td>Heikki <br>Messo<\/td><td>Finland<\/td><td class=\"has-text-align-center\" data-align=\"center\">59.2<\/td><td>November 27,<br>2021<\/td><\/tr><tr><td>Men&#8217;s<br>70 kg<\/td><td class=\"has-text-align-center\" data-align=\"center\">88<\/td><td>Joonas<br>M\u00e4kipelto<\/td><td>Finland<\/td><td class=\"has-text-align-center\" data-align=\"center\">69.9<\/td><td>March 11,<br>2023<\/td><\/tr><tr><td>Men&#8217;s<br>80 kg<\/td><td class=\"has-text-align-center\" data-align=\"center\">73<\/td><td>Ville<br>Toimio<\/td><td>Finland<\/td><td class=\"has-text-align-center\" data-align=\"center\">75.1<\/td><td>November 18,<br>2023<\/td><\/tr><tr><td>Men&#8217;s<br>90 kg<\/td><td class=\"has-text-align-center\" data-align=\"center\">69<\/td><td>Daniel <br>Bolotinski<\/td><td>Finland<\/td><td class=\"has-text-align-center\" data-align=\"center\">81.5<\/td><td>June 07,<br>2025<\/td><\/tr><tr><td>Men&#8217;s<br>100 kg<\/td><td class=\"has-text-align-center\" data-align=\"center\">53<\/td><td>Matti<br>R\u00f6pp\u00e4nen<\/td><td>Finland<\/td><td class=\"has-text-align-center\" data-align=\"center\">90.1<\/td><td>November 27, <br>2021<\/td><\/tr><tr><td>Men&#8217;s<br>110 kg<\/td><td class=\"has-text-align-center\" data-align=\"center\">52<\/td><td>Jere<br>H\u00e4kkil\u00e4<\/td><td>Finland<\/td><td class=\"has-text-align-center\" data-align=\"center\">101.2<\/td><td>January 23,<br>2022 <\/td><\/tr><tr><td>Men&#8217;s<br>+110 kg<\/td><td class=\"has-text-align-center\" data-align=\"center\">53<\/td><td>Joonas <br>Kuivalainen<\/td><td>Finland<\/td><td class=\"has-text-align-center\" data-align=\"center\">111.8<\/td><td>June 07,<br>2025<\/td><\/tr><tr><td>Women&#8217;s<br>50 kg<\/td><td class=\"has-text-align-center\" data-align=\"center\">52<\/td><td>Maria<br>Kojoukhova<\/td><td>Finland<\/td><td class=\"has-text-align-center\" data-align=\"center\">50.0<\/td><td>November 27, <br>2021 <\/td><\/tr><tr><td>Women&#8217;s<br>60 kg<\/td><td class=\"has-text-align-center\" data-align=\"center\">54<\/td><td>Maria<br>Kojoukhova<\/td><td>Finland<\/td><td class=\"has-text-align-center\" data-align=\"center\">53.7<\/td><td>October 5,<br>2024<\/td><\/tr><tr><td>Women&#8217;s<br>70 kg<\/td><td class=\"has-text-align-center\" data-align=\"center\">53<\/td><td>Maria <br>Kojoukhova<\/td><td>Finland<\/td><td class=\"has-text-align-center\" data-align=\"center\">60.3<\/td><td>June 07,<br>2025<\/td><\/tr><tr><td>Women&#8217;s<br>+70 kg<\/td><td class=\"has-text-align-center\" data-align=\"center\">45<\/td><td>Nelli <br>Rautiainen<\/td><td>Finland<\/td><td class=\"has-text-align-center\" data-align=\"center\">70.3<\/td><td>June 07,<br>2022<\/td><\/tr><\/tbody><\/table><\/figure>\n","protected":false},"excerpt":{"rendered":"<p>Weight Class Result Name Country Bodyweight Date Men&#8217;s60 kg 59 Heikki Messo Finland 59.2 November 27,2021 Men&#8217;s70 kg 88 JoonasM\u00e4kipelto Finland 69.9 March 11,2023 Men&#8217;s80 kg 73 VilleToimio Finland 75.1 November 18,2023 Men&#8217;s90 kg 69 Daniel Bolotinski Finland 81.5 June 07,2025 Men&#8217;s100 kg 53 MattiR\u00f6pp\u00e4nen Finland 90.1 November 27, 2021 Men&#8217;s110 kg 52 JereH\u00e4kkil\u00e4 Finland [&hellip;]<\/p>\n","protected":false},"author":1,"featured_media":1153,"parent":0,"menu_order":0,"comment_status":"closed","ping_status":"closed","template":"","meta":{"footnotes":"","_links_to":"","_links_to_target":""},"class_list":["post-848","page","type-page","status-publish","has-post-thumbnail","hentry"],"_links":{"self":[{"href":"https:\/\/worldpullup.org\/wp\/wp-json\/wp\/v2\/pages\/848","targetHints":{"allow":["GET"]}}],"collection":[{"href":"https:\/\/worldpullup.org\/wp\/wp-json\/wp\/v2\/pages"}],"about":[{"href":"https:\/\/worldpullup.org\/wp\/wp-json\/wp\/v2\/types\/page"}],"author":[{"embeddable":true,"href":"https:\/\/worldpullup.org\/wp\/wp-json\/wp\/v2\/users\/1"}],"replies":[{"embeddable":true,"href":"https:\/\/worldpullup.org\/wp\/wp-json\/wp\/v2\/comments?post=848"}],"version-history":[{"count":11,"href":"https:\/\/worldpullup.org\/wp\/wp-json\/wp\/v2\/pages\/848\/revisions"}],"predecessor-version":[{"id":1708,"href":"https:\/\/worldpullup.org\/wp\/wp-json\/wp\/v2\/pages\/848\/revisions\/1708"}],"wp:featuredmedia":[{"embeddable":true,"href":"https:\/\/worldpullup.org\/wp\/wp-json\/wp\/v2\/media\/1153"}],"wp:attachment":[{"href":"https:\/\/worldpullup.org\/wp\/wp-json\/wp\/v2\/media?parent=848"}],"curies":[{"name":"wp","href":"https:\/\/api.w.org\/{rel}","templated":true}]}}